{"id":5600,"date":"2025-11-04T10:00:22","date_gmt":"2025-11-04T13:00:22","guid":{"rendered":"https:\/\/rhiscom.com\/?page_id=5600"},"modified":"2026-02-16T10:05:12","modified_gmt":"2026-02-16T13:05:12","slug":"termino-condiciones-mexico","status":"publish","type":"page","link":"https:\/\/rhiscom.com\/en\/termino-condiciones-mexico\/","title":{"rendered":"Terms and Conditions &#8211; Mexico"},"content":{"rendered":"<div id=\"pl-5600\"  class=\"panel-layout\" ><div id=\"pg-5600-0\"  class=\"panel-grid panel-no-style\" ><div id=\"pgc-5600-0-0\"  class=\"panel-grid-cell\" ><div id=\"panel-5600-0-0-0\" class=\"so-panel widget widget_sow-editor panel-first-child panel-last-child\" data-index=\"0\" ><div\n\t\t\t\n\t\t\tclass=\"so-widget-sow-editor so-widget-sow-editor-base\"\n\t\t\t\n\t\t>\n<div class=\"siteorigin-widget-tinymce textwidget\">\n\t<\/p>\n<h1 style=\"text-align: justify;\"><span style=\"font-weight: 400;\">General Terms and Conditions of Rib\u00f3 Hermanos Ingenier\u00eda en Sistemas de Comercio S.A. de C.V. (Rhiscom M\u00e9xico)<\/span><\/h1>\n<p style=\"text-align: justify;\">RIBO HERMANOS INGENIER\u00cdA EN SISTEMAS DE COMERCIO S.A. de C.V., also known as RHISCOM M\u00c9XICO, invites you to carefully read our Terms and Conditions (hereinafter referred to as the \u201cCONDITIONS\u201d). This adhesion contract is fully binding between you, as the \u201cUSER,\u201d and RIBO HERMANOS INGENIER\u00cdA EN SISTEMAS DE COMERCIO S.A. de C.V., hereinafter referred to as \u201cRHISCOM M\u00c9XICO,\u201d and together referred to as \u201cTHE PARTIES.\u201d Therefore, any person who wishes to access or make use of the services and\/or products available through the website https:\/\/rhiscom.com (hereinafter referred to as \u201cTHE SITE\u201d) and\/or its social media complements<\/p>\n<ul style=\"text-align: justify;\">\n<li>https:\/\/www.linkedin.com\/company\/rhiscom\/ ;<\/li>\n<li>https:\/\/twitter.com\/Rhiscom (now X);<\/li>\n<li>https:\/\/www.youtube.com\/channel\/UCwCLjdp3WA_x_Qki-zP_xEQ)<\/li>\n<\/ul>\n<p style=\"text-align: justify;\">Which, jointly or separately, are referred to in this contract as \u201cNETWORKS,\u201d may do so subject to our privacy notices and this contract.<br \/>\nThese \u201cCONDITIONS\u201d govern the general use of any service offered by \u201cRHISCOM M\u00c9XICO,\u201d including the services you contract, except when we expressly indicate that other Terms and Conditions (and not these) apply. Please note that these \u201cCONDITIONS\u201d are subject to change without prior notice, and we recommend staying informed through \u201cTHE SITE.\u201d<\/p>\n<h2 style=\"text-align: justify;\">Use of \u201cTHE SITE\u201d:<\/h2>\n<p style=\"text-align: justify;\">\u201cRHISCOM M\u00c9XICO\u201d informs you that no person who is disqualified or legally prohibited from entering into this type of contract under the laws of the United Mexican States or the laws of their country of origin or residence, or any person acting as a legal representative or attorney-in-fact of a legal entity without sufficient authority to bind their principal, may contract our services.<\/p>\n<p style=\"text-align: justify;\">At the time you contract with us, you declare, under oath, that you are of legal age, meaning at least 18 years old in accordance with Mexican law, or of legal age in your country of origin, and that you have full legal capacity and authority to enter into and be bound by the terms of this contract.<\/p>\n<p style=\"text-align: justify;\">In the event that you act as a representative, attorney-in-fact, and\/or administrator, you declare under oath that you possess the necessary powers to acquire obligations and rights on behalf of and for a legal entity and\/or your principal, as well as to bind such entity to the provisions of this instrument and any other binding contracts that may arise from the products and\/or services requested.<\/p>\n<p style=\"text-align: justify;\">The \u201cUSER\u201d agrees to assume full responsibility for the use of \u201cTHE SITE,\u201d including any risks related to quality, performance, service interruptions, data loss, or damages resulting from the misuse of services or third-party software, in which case the \u201cUSER\u201d shall bear any costs or expenses arising therefrom.<\/p>\n<p style=\"text-align: justify;\">Accordingly, \u201cRHISCOM M\u00c9XICO\u201d disclaims all liability and provides no guarantees regarding the information contained or available, including, but not limited to, the availability of access to \u201cTHE SITE\u201d; absence of viruses, errors, deactivators, or any other contaminating or destructive material such as malware; or any potential failures of \u201cTHE SITE.\u201d<\/p>\n<p style=\"text-align: justify;\">Any user and\/or client and\/or service provider and\/or partner engaging in illegal acts or acts contrary to morality and good customs shall be liable to \u201cRHISCOM M\u00c9XICO\u201d for any damages caused, and shall indemnify and hold \u201cRHISCOM M\u00c9XICO\u201d harmless from any claims, demands, lawsuits, fines, penalties, judgments, or awards issued by any authority against \u201cRHISCOM M\u00c9XICO.\u201d Likewise, we reserve the right to take any criminal, civil, commercial, intellectual property, or other actions deemed necessary to safeguard our rights.<br \/>\nYou assume the consequences of using and\/or browsing \u201cTHE SITE,\u201d and we suggest taking the measures you consider appropriate to ensure the best possible experience.<\/p>\n<h2 style=\"text-align: justify;\">Compatibility of \u201cTHE SITE\u201d:<\/h2>\n<p style=\"text-align: justify;\">\u201cTHE SITE\u201d is a web service compatible with Firefox\u00ae and Chrome\u00ae browsers under the following operating systems: Windows\u00ae, OSX\u00ae, IOS\u00ae. \u201cTHE SITE\u201d is not responsible for any changes in the aforementioned systems that may, at some point, make it incompatible with \u201cTHE SITE.\u201d Use of our services on servers other than those mentioned is at your own risk, and we are not responsible for any damages that may result.<\/p>\n<p style=\"text-align: justify;\">Access to \u201cTHE SITE\u201d requires a broadband Internet connection and a compatible browser. Please note that this may involve additional costs and expenses independent of the service provided by \u201cTHE SITE.\u201d<\/p>\n<h2 style=\"text-align: justify;\">Data that may be automatically collected:<\/h2>\n<p style=\"text-align: justify;\">The following data are collected through the use of server log files and tracking technologies, as detailed in the use of cookies.<\/p>\n<table class=\" alignleft\">\n<tbody>\n<tr>\n<td>System Data<\/td>\n<td>Technical information about the user\u2019s equipment or device:<\/p>\n<ul>\n<li>IP address;<\/li>\n<li><span style=\"font-family: inherit; font-size: inherit;\">Device type;<\/span><\/li>\n<li><span style=\"font-family: inherit; font-size: inherit;\">Operating system version;<\/span><\/li>\n<li><span style=\"font-family: inherit; font-size: inherit;\">Unique device identifier;<\/span><\/li>\n<li><span style=\"font-family: inherit; font-size: inherit;\">Browser;<\/span><\/li>\n<li><span style=\"font-family: inherit; font-size: inherit;\">Browser language.<\/span><\/li>\n<\/ul>\n<\/td>\n<\/tr>\n<tr>\n<td>Usage Data<\/td>\n<td>Usage statistics about the user\u2019s interactions with the Services, content accessed, time spent on pages, features used, search queries, click data, date and time, and referrals.<\/td>\n<\/tr>\n<tr>\n<td>Approximate Geographical Data<\/td>\n<td>An approximate geographical location such as country or city, based on the IP address.<\/td>\n<\/tr>\n<\/tbody>\n<\/table>\n<h2 style=\"text-align: justify;\">Use of cookies and web beacons<\/h2>\n<p style=\"text-align: justify;\">Cookies are text files that are automatically downloaded and stored on the user\u2019s hard drive when browsing a specific webpage, allowing the Internet server to remember certain user data, including preferences for viewing pages, username, and password.<\/p>\n<p style=\"text-align: justify;\">Web beacons are images inserted in a webpage or email that can be used to monitor visitor behavior, such as storing information about the user\u2019s IP address, duration of time spent on a page, and the type of browser used.<\/p>\n<p style=\"text-align: justify;\">These cookies can be disabled. To learn how to do this, please refer to your browser\u2019s help section.<\/p>\n<h2 style=\"text-align: justify;\">Third-party content, pop-ups, and links.<\/h2>\n<p style=\"text-align: justify;\">\u201cTHE SITE\u201d may contain links to other websites, resources, and third-party advertisers. However, \u201cRHISCOM M\u00c9XICO\u201d does not control, endorse, sponsor, recommend, or assume any responsibility for these linked contents. Since we are not responsible for the availability of such external resources, nor for their content or privacy practices, you should address any concerns regarding linked content directly with those sites.<\/p>\n<h2 style=\"text-align: justify;\">Privacy and Personal Data.<\/h2>\n<p style=\"text-align: justify;\">We inform you that \u201cRHISCOM M\u00c9XICO\u201d is responsible for the processing of your personal data, as stated in our Privacy Notice.<\/p>\n<p style=\"text-align: justify;\">However, once you have access to the personal data of any member of our team, including our professional service providers, you also become responsible for processing such data and must comply with the same obligations as \u201cRHISCOM M\u00c9XICO,\u201d in accordance with the New Law on the Protection of Personal Data Held by Private Parties and its regulations.<\/p>\n<p style=\"text-align: justify;\">At \u201cRHISCOM M\u00c9XICO,\u201d all personal data collected from you are protected and processed in accordance with the highest privacy standards, aligned with Articles 6 and 14, second paragraph, of the Political Constitution of the United Mexican States, and in accordance with the general guidelines set out in Articles 7, 8, 9, 10, 14, 15, 16, 17, 32, 35, and 36 of the New Federal Law on the Protection of Personal Data Held by Private Parties (NLFPDPPP), as well as Articles 14, 24, 26, 27, 28, 30, 40, 41, 68, 90, and 102 of the Regulations of the Federal Law on the Protection of Personal Data Held by Private Parties (RLFPDPPP) and other applicable legislation.<\/p>\n<h2 style=\"text-align: justify;\">Intellectual Property of \u201cTHE SITE\u201d<\/h2>\n<p style=\"text-align: justify;\">The \u201cUSER\u201d acknowledges that the content of \u201cTHE SITE\u201d constitutes Intellectual Property Rights, including, but not limited to, all distinctive signs, trademarks, trade names, and service marks registered and\/or used by \u201cRHISCOM M\u00c9XICO,\u201d as well as domain names, reserved rights, copyrighted works, and other forms protected by intellectual and industrial property laws and applicable international treaties.<\/p>\n<p style=\"text-align: justify;\">The reproduction, modification, publication, distribution, transmission, display, or performance of the content of \u201cTHE SITE\u201d without the prior written authorization of \u201cRHISCOM M\u00c9XICO\u201d or the corresponding rights holder is strictly prohibited. The User acknowledges that the use of the Services on \u201cTHE SITE\u201d shall not, under any circumstances, constitute implicit or explicit authorization or license to use the intellectual property thereof or any of its elements or contents.<\/p>\n<p style=\"text-align: justify;\">All distinctive signs (trademarks, trade names, and service marks) appearing on \u201cTHE SITE\u201d that are not owned by \u201cRHISCOM M\u00c9XICO\u201d are the trademarks of their respective owners. Any reference made to third-party names, trademarks, products, or services does not constitute or imply any promotion or recommendation of such third parties or their products or services.<\/p>\n<h2 style=\"text-align: justify;\">Products or services offered through \u201cTHE SITE\u201d<\/h2>\n<p style=\"text-align: justify;\">We inform the \u201cUSER\u201d that all services and\/or products offered through \u201cTHE SITE\u201d or the \u201cNETWORKS\u201d are for informational and promotional purposes only. Any purchase or contract must be made directly with an authorized sales representative of \u201cRHISCOM M\u00c9XICO.\u201d<\/p>\n<p style=\"text-align: justify;\">Similarly, we inform you that all our services and\/or products are subject to change without prior notice. For specific terms and conditions of each, you must review them at the time of contracting or request them from an authorized and properly identified commercial representative of \u201cRHISCOM M\u00c9XICO.\u201d<\/p>\n<h2 style=\"text-align: justify;\">Purchases or contracts:<\/h2>\n<p style=\"text-align: justify;\">\u201cRHISCOM M\u00c9XICO\u201d is not responsible for any purchase or transfer of financial resources, intangibles, or information made through \u201cTHE SITE\u201d and\/or \u201cNETWORKS,\u201d as we hereby inform you that \u201cRHISCOM M\u00c9XICO\u201d does not use such channels to complete commercial transactions or contracts.<\/p>\n<h2 style=\"text-align: justify;\">Warranty:<\/h2>\n<p style=\"text-align: justify;\">Due to the nature of the services and\/or products offered by \u201cRHISCOM M\u00c9XICO,\u201d each warranty, return, or claim process related to service or product functionality will be specified in the individual service contracts executed for the corresponding project. For each service and\/or product, you should contact the authorized and properly identified sales representative of \u201cRHISCOM M\u00c9XICO\u201d to obtain this information, as well as details on delivery times for the product and\/or service contracted.<\/p>\n<h2 style=\"text-align: justify;\">Intranet portal accessible through \u201cTHE SITE\u201d<\/h2>\n<p style=\"text-align: justify;\">Access to and use of the \u201cRHISCOM M\u00c9XICO\u201d intranet portal is restricted exclusively to authorized and registered personnel. The purpose of this platform is to facilitate internal communication, access to confidential information, and the management of internal company resources.<\/p>\n<p style=\"text-align: justify;\">The \u201cUSER\u201d agrees to maintain the confidentiality of their login information and not share credentials with third parties. The user also agrees to use the portal solely for work-related purposes and in accordance with the company\u2019s internal policies.<\/p>\n<p style=\"text-align: justify;\">Any unauthorized, improper, or insecure use that jeopardizes information security may result in administrative or legal sanctions, including suspension or termination of access. The company reserves the right to monitor, record, and audit all activities conducted on the platform to ensure data protection and system integrity.<\/p>\n<p style=\"text-align: justify;\">Finally, use of the portal implies acceptance that all information and data contained therein are confidential and may even constitute \u201cTRADE SECRETS,\u201d and must be handled with the highest level of responsibility and professional ethics. The company is not responsible for any damage or loss arising from misuse or unauthorized access to the portal.<\/p>\n<h2 style=\"text-align: justify;\">Modifications to these CONDITIONS;<\/h2>\n<p style=\"text-align: justify;\">\u201cTHE SITE\u201d reserves the right to modify the CONDITIONS contained in this contract, with such modifications becoming effective immediately upon:<br \/>\nPublication on the website \u201cTHE SITE\u201d: https:\/\/rhiscom.com. Likewise, \u201cTHE SITE\u201d reserves the right to make additions to these CONDITIONS, which may be made to provide better service to you as the \u201cUSER\u201d and\/or client.<\/p>\n<p style=\"text-align: justify;\">These changes shall take effect immediately upon publication and will always be available to you. Therefore, it is your responsibility to periodically review our website to stay informed of such modifications. Notwithstanding the foregoing, each time you, as the \u201cUSER,\u201d access the site, it shall be deemed as full acceptance of the aforementioned modifications and\/or additions.<\/p>\n<h2 style=\"text-align: justify;\">Headings<\/h2>\n<p style=\"text-align: justify;\">The clause headings in these \u201cCONDITIONS\u201d are included solely for the convenience of \u201cTHE PARTIES\u201d and shall have no effect on the literal or legal interpretation thereof.<\/p>\n<p style=\"text-align: justify;\"><strong>Severability<\/strong><\/p>\n<p style=\"text-align: justify;\">If any clause of this instrument is declared null or invalid, such clause shall be considered independent and separable from the rest, which shall remain in full force and effect within these \u201cCONDITIONS.\u201d<\/p>\n<p style=\"text-align: justify;\"><strong>Waivers<\/strong><\/p>\n<p style=\"text-align: justify;\">Failure or omission, in whole or in part, by either of \u201cTHE PARTIES\u201d to exercise the rights arising from this Contract or any modification thereof shall not constitute a waiver of such rights for future exercise.<\/p>\n<p style=\"text-align: justify;\">\u201cTHE PARTIES\u201d agree to waive collective actions; therefore, each party may bring legal proceedings or dispute resolution mechanisms solely and exclusively on an individual basis.<\/p>\n<h2 style=\"text-align: justify;\">Jurisdiction<\/h2>\n<p style=\"text-align: justify;\">For the interpretation and enforcement of this contract, the parties expressly submit to the jurisdiction and competence of the courts of Mexico City, Mexico, expressly waiving any other jurisdiction that may correspond to them due to present or future domicile. However, \u201cTHE PARTIES\u201d agree to first submit to Alternative Dispute Resolution mechanisms in accordance with the applicable law and before duly accredited institutions.<\/p>\n<p style=\"text-align: justify;\">Last updated: September 25, 2025.<\/p>\n<p>&nbsp;<\/p>\n<p>&nbsp;<\/p>\n<p>&nbsp;<\/p>\n<p>&nbsp;<\/p>\n<p>&nbsp;<\/p>\n<p style=\"text-align: justify;\">\n<\/div>\n<\/div><\/div><\/div><\/div><\/div>","protected":false},"excerpt":{"rendered":"<p>General Terms and Conditions of Rib\u00f3 Hermanos Ingenier\u00eda en Sistemas de Comercio S.A. de C.V. (Rhiscom M\u00e9xico) RIBO HERMANOS INGENIER\u00cdA EN SISTEMAS DE COMERCIO S.A. de C.V., also known as RHISCOM M\u00c9XICO, invites you to carefully read our Terms and<\/p>\n","protected":false},"author":1,"featured_media":0,"parent":0,"menu_order":15,"comment_status":"closed","ping_status":"closed","template":"","meta":{"footnotes":""},"class_list":["post-5600","page","type-page","status-publish","hentry"],"_links":{"self":[{"href":"https:\/\/rhiscom.com\/en\/wp-json\/wp\/v2\/pages\/5600","targetHints":{"allow":["GET"]}}],"collection":[{"href":"https:\/\/rhiscom.com\/en\/wp-json\/wp\/v2\/pages"}],"about":[{"href":"https:\/\/rhiscom.com\/en\/wp-json\/wp\/v2\/types\/page"}],"author":[{"embeddable":true,"href":"https:\/\/rhiscom.com\/en\/wp-json\/wp\/v2\/users\/1"}],"replies":[{"embeddable":true,"href":"https:\/\/rhiscom.com\/en\/wp-json\/wp\/v2\/comments?post=5600"}],"version-history":[{"count":11,"href":"https:\/\/rhiscom.com\/en\/wp-json\/wp\/v2\/pages\/5600\/revisions"}],"predecessor-version":[{"id":5655,"href":"https:\/\/rhiscom.com\/en\/wp-json\/wp\/v2\/pages\/5600\/revisions\/5655"}],"wp:attachment":[{"href":"https:\/\/rhiscom.com\/en\/wp-json\/wp\/v2\/media?parent=5600"}],"curies":[{"name":"wp","href":"https:\/\/api.w.org\/{rel}","templated":true}]}}